{"id":1973,"date":"2025-09-12T09:56:46","date_gmt":"2025-09-12T09:56:46","guid":{"rendered":"https:\/\/www.opolsku.cz\/?page_id=1973"},"modified":"2025-09-12T10:02:28","modified_gmt":"2025-09-12T10:02:28","slug":"konferencja-doing-business-in-slovakia-and-czech-republic","status":"publish","type":"page","link":"https:\/\/www.opolsku.cz\/pl\/aktualnosci\/konferencja-doing-business-in-slovakia-and-czech-republic\/","title":{"rendered":"Konferencja DOING BUSINESS IN SLOVAKIA AND CZECH REPUBLIC"},"content":{"rendered":"<p>Szanowni Pa\u0144stwo,<\/p>\n<p>Polsko-S\u0142owacka Izba Przemys\u0142owo-Handlowa z przyjemno\u015bci\u0105 zaprasza Pa\u0144stwa do udzia\u0142u w Konferencji <strong>DOING BUSINESS IN SLOVAKIA AND CZECH REPUBLIC,<\/strong> kt\u00f3ra stanowi\u0105 doskona\u0142\u0105 okazj\u0119 do uzyskania s<img fetchpriority=\"high\" decoding=\"async\" class=\"size-medium wp-image-1971 alignleft\" style=\"font-weight: inherit;\" src=\"https:\/\/www.opolsku.cz\/wp-content\/uploads\/2025\/09\/Podnikani-na-Slovensku-300x300.jpg\" alt=\"\" width=\"300\" height=\"300\" srcset=\"https:\/\/www.opolsku.cz\/wp-content\/uploads\/2025\/09\/Podnikani-na-Slovensku-300x300.jpg 300w, https:\/\/www.opolsku.cz\/wp-content\/uploads\/2025\/09\/Podnikani-na-Slovensku-150x150.jpg 150w, https:\/\/www.opolsku.cz\/wp-content\/uploads\/2025\/09\/Podnikani-na-Slovensku.jpg 562w\" sizes=\"(max-width: 300px) 100vw, 300px\" \/><span style=\"font-size: 16px;\">prawdzonych informacji na temat warunk\u00f3w inwestowania na rynkach s\u0142owackim i czeskim , do wymiany do\u015bwiadcze\u0144 oraz nawi\u0105zania nowych kontakt\u00f3w biznesowych. Program przesy\u0142am w za\u0142\u0105czeniu.<\/span><\/p>\n<p>Konfe<span style=\"font-size: 16px;\">r<\/span><span style=\"font-size: 16px;\">encja<\/span><strong style=\"font-size: 16px;\"> DOING BUSINESS IN<\/strong><strong style=\"font-size: 16px;\">\u00a0SLOVAKIA AND CZECH REPUBLIC<\/strong><\/p>\n<p>Termin:<strong> 18 wrze\u015bnia 2025 r. godz. 10:00<\/strong><\/p>\n<p>Miejsce:<strong> MCK Sok\u00f3\u0142, ul. D\u0142ugosza 3, Nowy S\u0105cz<\/strong><\/p>\n","protected":false},"excerpt":{"rendered":"<p>Szanowni Pa\u0144stwo, Polsko-S\u0142owacka Izba Przemys\u0142owo-Handlowa z przyjemno\u015bci\u0105 zaprasza Pa\u0144stwa do udzia\u0142u w Konferencji DOING BUSINESS IN SLOVAKIA AND CZECH REPUBLIC, [&hellip;]<\/p>\n","protected":false},"author":2,"featured_media":1965,"parent":774,"menu_order":0,"comment_status":"closed","ping_status":"closed","template":"","meta":{"_acf_changed":false,"site-sidebar-layout":"default","site-content-layout":"","ast-site-content-layout":"default","site-content-style":"default","site-sidebar-style":"default","ast-global-header-display":"","ast-banner-title-visibility":"","ast-main-header-display":"","ast-hfb-above-header-display":"","ast-hfb-below-header-display":"","ast-hfb-mobile-header-display":"","site-post-title":"","ast-breadcrumbs-content":"","ast-featured-img":"","footer-sml-layout":"","theme-transparent-header-meta":"default","adv-header-id-meta":"","stick-header-meta":"","header-above-stick-meta":"","header-main-stick-meta":"","header-below-stick-meta":"","astra-migrate-meta-layouts":"set","ast-page-background-enabled":"default","ast-page-background-meta":{"desktop":{"background-color":"var(--ast-global-color-5)","background-image":"","background-repeat":"repeat","background-position":"center center","background-size":"auto","background-attachment":"scroll","background-type":"","background-media":"","overlay-type":"","overlay-color":"","overlay-opacity":"","overlay-gradient":""},"tablet":{"background-color":"","background-image":"","background-repeat":"repeat","background-position":"center center","background-size":"auto","background-attachment":"scroll","background-type":"","background-media":"","overlay-type":"","overlay-color":"","overlay-opacity":"","overlay-gradient":""},"mobile":{"background-color":"","background-image":"","background-repeat":"repeat","background-position":"center center","background-size":"auto","background-attachment":"scroll","background-type":"","background-media":"","overlay-type":"","overlay-color":"","overlay-opacity":"","overlay-gradient":""}},"ast-content-background-meta":{"desktop":{"background-color":"var(--ast-global-color-4)","background-image":"","background-repeat":"repeat","background-position":"center center","background-size":"auto","background-attachment":"scroll","background-type":"","background-media":"","overlay-type":"","overlay-color":"","overlay-opacity":"","overlay-gradient":""},"tablet":{"background-color":"var(--ast-global-color-4)","background-image":"","background-repeat":"repeat","background-position":"center center","background-size":"auto","background-attachment":"scroll","background-type":"","background-media":"","overlay-type":"","overlay-color":"","overlay-opacity":"","overlay-gradient":""},"mobile":{"background-color":"var(--ast-global-color-4)","background-image":"","background-repeat":"repeat","background-position":"center center","background-size":"auto","background-attachment":"scroll","background-type":"","background-media":"","overlay-type":"","overlay-color":"","overlay-opacity":"","overlay-gradient":""}},"footnotes":""},"class_list":["post-1973","page","type-page","status-publish","has-post-thumbnail","hentry"],"acf":[],"_links":{"self":[{"href":"https:\/\/www.opolsku.cz\/pl\/wp-json\/wp\/v2\/pages\/1973","targetHints":{"allow":["GET"]}}],"collection":[{"href":"https:\/\/www.opolsku.cz\/pl\/wp-json\/wp\/v2\/pages"}],"about":[{"href":"https:\/\/www.opolsku.cz\/pl\/wp-json\/wp\/v2\/types\/page"}],"author":[{"embeddable":true,"href":"https:\/\/www.opolsku.cz\/pl\/wp-json\/wp\/v2\/users\/2"}],"replies":[{"embeddable":true,"href":"https:\/\/www.opolsku.cz\/pl\/wp-json\/wp\/v2\/comments?post=1973"}],"version-history":[{"count":1,"href":"https:\/\/www.opolsku.cz\/pl\/wp-json\/wp\/v2\/pages\/1973\/revisions"}],"predecessor-version":[{"id":1974,"href":"https:\/\/www.opolsku.cz\/pl\/wp-json\/wp\/v2\/pages\/1973\/revisions\/1974"}],"up":[{"embeddable":true,"href":"https:\/\/www.opolsku.cz\/pl\/wp-json\/wp\/v2\/pages\/774"}],"wp:featuredmedia":[{"embeddable":true,"href":"https:\/\/www.opolsku.cz\/pl\/wp-json\/wp\/v2\/media\/1965"}],"wp:attachment":[{"href":"https:\/\/www.opolsku.cz\/pl\/wp-json\/wp\/v2\/media?parent=1973"}],"curies":[{"name":"wp","href":"https:\/\/api.w.org\/{rel}","templated":true}]}}