{"id":736,"date":"2025-03-24T16:20:31","date_gmt":"2025-03-24T16:20:31","guid":{"rendered":"https:\/\/www.opolsku.cz\/?page_id=736"},"modified":"2025-09-04T08:41:11","modified_gmt":"2025-09-04T08:41:11","slug":"informacje-o-cpih","status":"publish","type":"page","link":"https:\/\/www.opolsku.cz\/pl\/informacje-o-cpih\/","title":{"rendered":"Informacje o CZPIH"},"content":{"rendered":"<p>Czesko-Polska Izba Handlowa (CZPIH) powsta\u0142a w 1999 r. z inicjatywy grupy firm czeskich, kt\u00f3re s\u0105 zainteresowane wsp\u00f3\u0142prac\u0105 z rynkiem polskim. Powo\u0142ana zosta\u0142a na podstawie ustawy nr 42\/1980 Dz.U. o stosunkach gospodarczych z zagranic\u0105. Jej powo\u0142anie i dzia\u0142alno\u015b\u0107 jest zatwierdzona przez Ministerstwo Handlu i Przemys\u0142u Republiki Czeskiej pismem ministra Doc. in\u017c. Miroslava Gr\u00e9gra z dnia 10 lutego 1999 r.<\/p>\n<p>W dniu 6.01.2022r. dosz\u0142o do zmiany prawnej formy Izby na Czesko-Polska Izba Handlowa z.s. Izba jest zarejestrowana jako osoba prawna w Okr\u0119gowym S\u0105dzie Handlowym, oddzia\u0142 A, nr 9376.<\/p>\n<p>CZPIH zrzesza czeskie i polskie podmioty prawne i fizyczne, kt\u00f3re swoj\u0105 wol\u0119 przyst\u0105pienia do Izby przeka\u017c\u0105 pisemnie. O przyj\u0119ciu nowego cz\u0142onka decyduje jedenastoosobowy Zarz\u0105d, przy czym co najmniej dwie trzecie cz\u0142onk\u00f3w Zarz\u0105du musi wyrazi\u0107 akceptacj\u0119.<\/p>\n<p>Sk\u0142adka cz\u0142onkowska zale\u017cna jest od ilo\u015bci zatrudnionych os\u00f3b i wynosi:<br \/>\nosoba fizyczna nie zatrudniaj\u0105ca pracownik\u00f3w 3 000.- Kc rocznie<br \/>\n1\u2013 10 pracownik\u00f3w 7 500.- Kc rocznie<br \/>\n11 \u2013 50 pracownik\u00f3w 15 000.- Kc rocznie<br \/>\n51 \u2013 100 pracownik\u00f3w 22 500.- Kc rocznie<br \/>\n101 pracownik\u00f3w i wi\u0119cej 40 000.- Kc rocznie<br \/>\ndla miast 10 000, &#8211; K\u010d do 20 000,- obywateli<br \/>\n20 000,- K\u010d nad 20 000,- obywateli<br \/>\n40 000,- K\u010d nad 50 000,- obywateli<\/p>\n<p>Wysoko\u015b\u0107 sk\u0142adki cz\u0142onkowskiej mo\u017ce by\u0107 zmieniona decyzj\u0105 Walnego Zgromadzenia.<\/p>\n<p>Siedzib\u0105 Czesko-Polskiej Izby Handlowej z.s. jest Ostrawa, ul. Jan\u00e1\u010dkova 10<br \/>\nNumer identyfikacyjny: 258 33 901.<\/p>\n<p>Od 25 maja 2018r. wesz\u0142o w \u017cycie Rozporz\u0105dzenie Parlamentu Europejskiego i Rady (UE) 2016\/679 z dnia 27 kwietnia 2016 r. w sprawie ochrony os\u00f3b fizycznych w zwi\u0105zku z przetwarzaniem danych osobowych i w sprawie swobodnego przep\u0142ywu takich danych oraz uchylenia dyrektywy 95\/46\/WE (og\u00f3lne rozporz\u0105dzenie o ochronie danych), zwane RODO. Firma cz\u0142onkowska CPIH wyra\u017ca zgod\u0119 z przetwarzaniem danych osobowych oraz wyra\u017ca zgod\u0119 na opublikowanie informacji o swojej firmie na stronie internetowej CPIH od dnia 24 maja 2018r. Je\u017celi firma cz\u0142onkowska CPIH nie zgadza si\u0119 na przetwarzanie danych osobowych oraz nie wyra\u017ca zgod\u0119 na opublikowanie informacji o swojej firmie na stronie internetowej CPIH, to prosimy firm\u0119 cz\u0142onkowsk\u0105 CPIH o wys\u0142anie o\u015bwiadczenia o cofni\u0119ciu zgody na przetwarzanie danych osobowych oraz na opublikowanie informacji o firmie na stronie internetowej CPIH na email: sekretariat@opolsku.cz<\/p>\n","protected":false},"excerpt":{"rendered":"<p>Czesko-Polska Izba Handlowa (CZPIH) powsta\u0142a w 1999 r. z inicjatywy grupy firm czeskich, kt\u00f3re s\u0105 zainteresowane wsp\u00f3\u0142prac\u0105 z rynkiem polskim. [&hellip;]<\/p>\n","protected":false},"author":1,"featured_media":0,"parent":0,"menu_order":0,"comment_status":"closed","ping_status":"closed","template":"","meta":{"_acf_changed":false,"site-sidebar-layout":"default","site-content-layout":"","ast-site-content-layout":"default","site-content-style":"default","site-sidebar-style":"default","ast-global-header-display":"","ast-banner-title-visibility":"","ast-main-header-display":"","ast-hfb-above-header-display":"","ast-hfb-below-header-display":"","ast-hfb-mobile-header-display":"","site-post-title":"","ast-breadcrumbs-content":"","ast-featured-img":"","footer-sml-layout":"","theme-transparent-header-meta":"default","adv-header-id-meta":"","stick-header-meta":"","header-above-stick-meta":"","header-main-stick-meta":"","header-below-stick-meta":"","astra-migrate-meta-layouts":"set","ast-page-background-enabled":"default","ast-page-background-meta":{"desktop":{"background-color":"var(--ast-global-color-5)","background-image":"","background-repeat":"repeat","background-position":"center center","background-size":"auto","background-attachment":"scroll","background-type":"","background-media":"","overlay-type":"","overlay-color":"","overlay-opacity":"","overlay-gradient":""},"tablet":{"background-color":"","background-image":"","background-repeat":"repeat","background-position":"center center","background-size":"auto","background-attachment":"scroll","background-type":"","background-media":"","overlay-type":"","overlay-color":"","overlay-opacity":"","overlay-gradient":""},"mobile":{"background-color":"","background-image":"","background-repeat":"repeat","background-position":"center center","background-size":"auto","background-attachment":"scroll","background-type":"","background-media":"","overlay-type":"","overlay-color":"","overlay-opacity":"","overlay-gradient":""}},"ast-content-background-meta":{"desktop":{"background-color":"var(--ast-global-color-4)","background-image":"","background-repeat":"repeat","background-position":"center center","background-size":"auto","background-attachment":"scroll","background-type":"","background-media":"","overlay-type":"","overlay-color":"","overlay-opacity":"","overlay-gradient":""},"tablet":{"background-color":"var(--ast-global-color-4)","background-image":"","background-repeat":"repeat","background-position":"center center","background-size":"auto","background-attachment":"scroll","background-type":"","background-media":"","overlay-type":"","overlay-color":"","overlay-opacity":"","overlay-gradient":""},"mobile":{"background-color":"var(--ast-global-color-4)","background-image":"","background-repeat":"repeat","background-position":"center center","background-size":"auto","background-attachment":"scroll","background-type":"","background-media":"","overlay-type":"","overlay-color":"","overlay-opacity":"","overlay-gradient":""}},"footnotes":""},"class_list":["post-736","page","type-page","status-publish","hentry"],"acf":[],"_links":{"self":[{"href":"https:\/\/www.opolsku.cz\/pl\/wp-json\/wp\/v2\/pages\/736","targetHints":{"allow":["GET"]}}],"collection":[{"href":"https:\/\/www.opolsku.cz\/pl\/wp-json\/wp\/v2\/pages"}],"about":[{"href":"https:\/\/www.opolsku.cz\/pl\/wp-json\/wp\/v2\/types\/page"}],"author":[{"embeddable":true,"href":"https:\/\/www.opolsku.cz\/pl\/wp-json\/wp\/v2\/users\/1"}],"replies":[{"embeddable":true,"href":"https:\/\/www.opolsku.cz\/pl\/wp-json\/wp\/v2\/comments?post=736"}],"version-history":[{"count":3,"href":"https:\/\/www.opolsku.cz\/pl\/wp-json\/wp\/v2\/pages\/736\/revisions"}],"predecessor-version":[{"id":1687,"href":"https:\/\/www.opolsku.cz\/pl\/wp-json\/wp\/v2\/pages\/736\/revisions\/1687"}],"wp:attachment":[{"href":"https:\/\/www.opolsku.cz\/pl\/wp-json\/wp\/v2\/media?parent=736"}],"curies":[{"name":"wp","href":"https:\/\/api.w.org\/{rel}","templated":true}]}}