{"id":738,"date":"2025-03-24T16:22:07","date_gmt":"2025-03-24T16:22:07","guid":{"rendered":"https:\/\/www.opolsku.cz\/?page_id=738"},"modified":"2025-09-09T09:20:50","modified_gmt":"2025-09-09T09:20:50","slug":"zarzad-cpih","status":"publish","type":"page","link":"https:\/\/www.opolsku.cz\/pl\/zarzad-cpih\/","title":{"rendered":"Zarz\u0105d CZPIH"},"content":{"rendered":"<p><strong>Doc. Ing. Ji\u0159\u00ed Cie\u0144cia\u0142a, CSc.<br \/>\n<\/strong>Funkcja: Prezes Zarz\u0105du<\/p>\n<p><strong><br \/>\nMgr In\u017c. Jan Kazimierz \u017burek<br \/>\n<\/strong>Funkcja: Wiceprezes Zarz\u0105du<br \/>\nFirma: P.H.U. AGADO &#8211; Jan \u017burek<\/p>\n<p>&#8212;&#8212;&#8212;&#8212;&#8212;&#8212;&#8212;&#8212;&#8212;&#8212;&#8212;&#8212;&#8212;&#8212;&#8212;&#8212;&#8212;&#8212;&#8212;&#8212;&#8212;&#8212;&#8212;&#8212;&#8212;&#8212;&#8211;<\/p>\n<p><strong><br \/>\nIng. Dagmar Ponechalov\u00e1<br \/>\n<\/strong>Funkcja: Cz\u0142onek Zarz\u0105du<br \/>\nFirma: CZECH-POL TRADE<\/p>\n<p><strong>Mgr.Mieczys\u0142aw Kli\u015b<\/strong><br \/>\nFunkcja: Cz\u0142onek Zarz\u0105du<br \/>\nFirma: SIG-OW Mieczys\u0142aw Kli\u015b<\/p>\n<p><strong>Ing. Rad\u00faz M\u00e1cha<\/strong><br \/>\nFunkcja: Cz\u0142onek Zarz\u0105du<br \/>\nFirma: Sdru\u017een\u00ed pro rozvoj Moravskoslezsk\u00e9ho kraje z.s.<\/p>\n<p><strong>Mgr. Piotr Bogaczyk<\/strong><br \/>\nFunkcja: Cz\u0142onek Zarz\u0105du<br \/>\nFirma: Kancelaria Radcy Prawnego Bogaczyk Piotr<\/p>\n<p><strong>Ing. Josef Tobola<br \/>\n<\/strong>Funkcja: Cz\u0142onek Zarz\u0105du<br \/>\nFirma: Dom Polski Sp\u00f3\u0142dzielnia Ludowa<\/p>\n","protected":false},"excerpt":{"rendered":"<p>Doc. Ing. Ji\u0159\u00ed Cie\u0144cia\u0142a, CSc. Funkcja: Prezes Zarz\u0105du Mgr In\u017c. Jan Kazimierz \u017burek Funkcja: Wiceprezes Zarz\u0105du Firma: P.H.U. AGADO &#8211; [&hellip;]<\/p>\n","protected":false},"author":1,"featured_media":0,"parent":0,"menu_order":0,"comment_status":"closed","ping_status":"closed","template":"","meta":{"_acf_changed":false,"site-sidebar-layout":"default","site-content-layout":"","ast-site-content-layout":"default","site-content-style":"default","site-sidebar-style":"default","ast-global-header-display":"","ast-banner-title-visibility":"","ast-main-header-display":"","ast-hfb-above-header-display":"","ast-hfb-below-header-display":"","ast-hfb-mobile-header-display":"","site-post-title":"","ast-breadcrumbs-content":"","ast-featured-img":"","footer-sml-layout":"","theme-transparent-header-meta":"default","adv-header-id-meta":"","stick-header-meta":"","header-above-stick-meta":"","header-main-stick-meta":"","header-below-stick-meta":"","astra-migrate-meta-layouts":"set","ast-page-background-enabled":"default","ast-page-background-meta":{"desktop":{"background-color":"var(--ast-global-color-5)","background-image":"","background-repeat":"repeat","background-position":"center center","background-size":"auto","background-attachment":"scroll","background-type":"","background-media":"","overlay-type":"","overlay-color":"","overlay-opacity":"","overlay-gradient":""},"tablet":{"background-color":"","background-image":"","background-repeat":"repeat","background-position":"center center","background-size":"auto","background-attachment":"scroll","background-type":"","background-media":"","overlay-type":"","overlay-color":"","overlay-opacity":"","overlay-gradient":""},"mobile":{"background-color":"","background-image":"","background-repeat":"repeat","background-position":"center center","background-size":"auto","background-attachment":"scroll","background-type":"","background-media":"","overlay-type":"","overlay-color":"","overlay-opacity":"","overlay-gradient":""}},"ast-content-background-meta":{"desktop":{"background-color":"var(--ast-global-color-4)","background-image":"","background-repeat":"repeat","background-position":"center center","background-size":"auto","background-attachment":"scroll","background-type":"","background-media":"","overlay-type":"","overlay-color":"","overlay-opacity":"","overlay-gradient":""},"tablet":{"background-color":"var(--ast-global-color-4)","background-image":"","background-repeat":"repeat","background-position":"center center","background-size":"auto","background-attachment":"scroll","background-type":"","background-media":"","overlay-type":"","overlay-color":"","overlay-opacity":"","overlay-gradient":""},"mobile":{"background-color":"var(--ast-global-color-4)","background-image":"","background-repeat":"repeat","background-position":"center center","background-size":"auto","background-attachment":"scroll","background-type":"","background-media":"","overlay-type":"","overlay-color":"","overlay-opacity":"","overlay-gradient":""}},"footnotes":""},"class_list":["post-738","page","type-page","status-publish","hentry"],"acf":[],"_links":{"self":[{"href":"https:\/\/www.opolsku.cz\/pl\/wp-json\/wp\/v2\/pages\/738","targetHints":{"allow":["GET"]}}],"collection":[{"href":"https:\/\/www.opolsku.cz\/pl\/wp-json\/wp\/v2\/pages"}],"about":[{"href":"https:\/\/www.opolsku.cz\/pl\/wp-json\/wp\/v2\/types\/page"}],"author":[{"embeddable":true,"href":"https:\/\/www.opolsku.cz\/pl\/wp-json\/wp\/v2\/users\/1"}],"replies":[{"embeddable":true,"href":"https:\/\/www.opolsku.cz\/pl\/wp-json\/wp\/v2\/comments?post=738"}],"version-history":[{"count":2,"href":"https:\/\/www.opolsku.cz\/pl\/wp-json\/wp\/v2\/pages\/738\/revisions"}],"predecessor-version":[{"id":1921,"href":"https:\/\/www.opolsku.cz\/pl\/wp-json\/wp\/v2\/pages\/738\/revisions\/1921"}],"wp:attachment":[{"href":"https:\/\/www.opolsku.cz\/pl\/wp-json\/wp\/v2\/media?parent=738"}],"curies":[{"name":"wp","href":"https:\/\/api.w.org\/{rel}","templated":true}]}}