{"id":760,"date":"2025-03-25T15:56:48","date_gmt":"2025-03-25T15:56:48","guid":{"rendered":"https:\/\/www.opolsku.cz\/oferty-z-polski\/"},"modified":"2025-04-18T05:16:16","modified_gmt":"2025-04-18T05:16:16","slug":"oferty-z-polski","status":"publish","type":"page","link":"https:\/\/www.opolsku.cz\/pl\/oferty-z-polski\/","title":{"rendered":"Oferty z Polski"},"content":{"rendered":"\t\t<div data-elementor-type=\"wp-page\" data-elementor-id=\"760\" class=\"elementor elementor-760 elementor-344\" data-elementor-post-type=\"page\">\n\t\t\t\t<div data-particle_enable=\"false\" data-particle-mobile-disabled=\"false\" class=\"elementor-element elementor-element-38db2ae e-flex e-con-boxed e-con e-parent\" data-id=\"38db2ae\" data-element_type=\"container\">\n\t\t\t\t\t<div class=\"e-con-inner\">\n\t\t\t\t<div class=\"elementor-element elementor-element-b66d502 elementor-widget elementor-widget-ucaddon_post_grid\" data-id=\"b66d502\" data-element_type=\"widget\" data-widget_type=\"ucaddon_post_grid.default\">\n\t\t\t\t<div class=\"elementor-widget-container\">\n\t\t\t\t\t\n<!-- start Post Grid -->\n\t\t<link id='font-awesome-css' href='https:\/\/www.opolsku.cz\/wp-content\/plugins\/unlimited-elements-for-elementor-premium\/assets_libraries\/font-awesome6\/fontawesome-all.min.css' type='text\/css' rel='stylesheet' >\n\t\t<link id='font-awesome-4-shim-css' href='https:\/\/www.opolsku.cz\/wp-content\/plugins\/unlimited-elements-for-elementor-premium\/assets_libraries\/font-awesome6\/fontawesome-v4-shims.min.css' type='text\/css' rel='stylesheet' >\n\n<style>\/* widget: Post Grid *\/\n\n\n\n#uc_post_grid_elementor_b66d502{\n  min-height: 1px;\n}\n\n#uc_post_grid_elementor_b66d502.uc_post_grid_style_one .uc_post_grid_style_one_wrap {\n   display:grid;\n}\n\n\n#uc_post_grid_elementor_b66d502 .uc_post_grid_style_one_item{\n  position:relative;\n}\n\n#uc_post_grid_elementor_b66d502 .uc_post_image{\n  transition:0.3s;\n  position:relative;\n  overflow:hidden;\n}\n\n#uc_post_grid_elementor_b66d502 .uc_post_image img{\n  width:100%;\n  display:block;\n  transition:0.3s;\n}\n\n\t\n\n#uc_post_grid_elementor_b66d502 .uc_post_image_overlay{\n  position:absolute;\n  top:0px;\n  left:0px;\n  height:100%;\n  width:100%;\n  transition:0.3s;\n}\n\n#uc_post_grid_elementor_b66d502 .uc_more_btn-custom-field{\n  display:inline-block;\n  text-align:center;\n  text-decoration:none;\n  transition:0.3s;\n}\n\n#uc_post_grid_elementor_b66d502 .uc_more_btn{\n  display:inline-block;\n  text-align:center;\n  text-decoration:none;\n  transition:0.3s;\n}\n\n.ue-grid-item-category a{\n  display:inline-block;\n  font-size:10px;\n  position: relative;\n  z-index: 1;\n}\n\n#uc_post_grid_elementor_b66d502 .ue-grid-item-posttype{\n  display:inline-block;\n  position: relative;\n  z-index: 1;\n}\n\n\n.uc_post_title{\n  font-size:21px;\n}\n\n\n\n  #uc_post_grid_elementor_b66d502:not(.ue-list-view) .ue_post_grid_item{\n    display:flex;\n    flex-direction:column;\n  }\n\n  #uc_post_grid_elementor_b66d502.uc_post_grid_style_one:not(.ue-list-view) .uc_content{\n   flex-grow:1;\n  }\n\n  #uc_post_grid_elementor_b66d502.uc_post_grid_style_one .uc_content > div{\n    height:100%;\n    display:flex;\n    flex-direction:column;\n    justify-content: space-between;  }\n\n    #uc_post_grid_elementor_b66d502 .uc_post_button   {\n     margin-top:auto;\n   }\n  \n\n\n\n\n\n\n\n\n\n\n\n\n\/*  for grid\/list layout switcher*\/\n\t#uc_post_grid_elementor_b66d502.ue-list-view .uc_post_grid_style_one_item {\n     display:flex;  \n     flex-direction:row;\n    }\n    #uc_post_grid_elementor_b66d502.ue-list-view .uc_post_grid_style_one_item > div{\n     width:50%;\n    }\n   \n    #uc_post_grid_elementor_b66d502.ue-list-view .uc_content    {\n      display:flex;\n      flex-direction:column;\n      justify-content:center;\n    }\n \n\/*  for grid\/list layout switcher*\/\n\n#uc_post_grid_elementor_b66d502 .ue-meta-data{  \n  display:flex !important;\n  flex-wrap: wrap;\n  line-height:1em;\n}\n\n#uc_post_grid_elementor_b66d502 .ue-grid-item-meta-data{\n  display:inline-flex;\n  align-items:center;\n}\n\n#uc_post_grid_elementor_b66d502 .ue-grid-item-meta-data a{\n  color:inherit;\n}\n\n.ue-grid-item-meta-data{\n  font-size:12px;\n}\n\n#uc_post_grid_elementor_b66d502 .ue-grid-item-meta-data-icon{\n  line-height:1em;\n}\n\n#uc_post_grid_elementor_b66d502 .ue-grid-item-meta-data-icon svg{\n  width:1em;\n  height:1em;\n}\n\n#uc_post_grid_elementor_b66d502 .ue-debug-meta{\n  padding:10px;\n  border:1px solid red;\n  position:relative;\n  line-height:1.5em;\n  font-size:11px;\n  width:100%;\n}\n\n#uc_post_grid_elementor_b66d502 .uc_btn_inner{\n  display:inline-flex;\n  align-items:center;\n  pointer-events:none;\n}\n\n#uc_post_grid_elementor_b66d502 .uc_btn_inner svg{\n  width:1em;\n  height:1em;\n}\n#uc_post_grid_elementor_b66d502 .ue_p_title{\n  pointer-events:none;\n}\n\n\n#uc_post_grid_elementor_b66d502 .uc_content_inner{\n  width: 100%;\n}\n\n\n#uc_post_grid_elementor_b66d502 .view-switcher-button{\n  display: flex;\n  align-items: center;\n}\n\n#uc_post_grid_elementor_b66d502 .view-switcher-icon{\n  display: flex;\n  align-items: center;\n  line-height: 1;\n  cursor: pointer;\n  transition: all .3s ease;\n}\n\n#uc_post_grid_elementor_b66d502 .view-switcher-icon svg{\n  height:1em;\n  width:1em;\n}\n\n#uc_post_grid_elementor_b66d502 .view-switcher-icon.ue-hidden{\n  display: none;\n}\n\n\n#uc_post_grid_elementor_b66d502_item1 [href=\"javascript:void(0)\"]{\n  cursor: unset;\n}\n\n\n#uc_post_grid_elementor_b66d502_item2 [href=\"javascript:void(0)\"]{\n  cursor: unset;\n}\n\n\n<\/style>\n\n<div class=\"uc_post_grid_style_one uc-filterable-grid \" id=\"uc_post_grid_elementor_b66d502\"  data-ajax='true'  data-filterbehave='ajax'  querydata='{&quot;count_posts&quot;:2,&quot;total_posts&quot;:2,&quot;page&quot;:1,&quot;num_pages&quot;:1}' >\n  \t\n  <div class=\"uc_post_grid_style_one_wrap ue_post_grid uc-items-wrapper ue-woo-grid\">\n\t\t\t\n\n\n\n<div id=\"uc_post_grid_elementor_b66d502_item1\" class=\"uc_post_grid_style_one_item ue_post_grid_item ue-item \">\n  \n   \n  <div class=\"uc_content\">\n    <div class=\"uc_content_inner\">\n      <div class=\"uc_content-info-wrapper\" >\n        \n\n               \n       \n              \n\n            \t\t\t<div class=\"uc_post_title\"><a class=\"\" href='https:\/\/www.opolsku.cz\/pl\/nabidka-z-polska\/lukkawoods-poszukuje-dystrybutorow-architektow-i-projektantow-wnetrz-na-rynek-czeski\/' target=\"_self\"><div class=\"ue_p_title\">LukkaWoods poszukuje dystrybutor\u00f3w, architekt\u00f3w i projektant\u00f3w wn\u0119trz na rynek czeski<\/div><\/a><\/div>\n      \t\n                      \n       \n        <div class=\"ue-meta-data\">\n            \n                \t    \n                \n        \n\t\n                \n                \n                \n                \n    \t\t\t\n      \n            \n  <\/div>\t\n      \t<div class=\"uc_post_text\">W zwi\u0105zku z rozwojem firmy poszukujemy dystrybutor\u00f3w,\u00a0 architekt\u00f3w i projektant\u00f3w wn\u0119trz na rynku czeskim....<\/div>\n     \n                 \n                            \n                                  \n     <\/div>                      \n           <div class=\"uc_post_button\">\n        \n        <a class=\"uc_more_btn \" target=\"_blank\" href='https:\/\/www.opolsku.cz\/pl\/nabidka-z-polska\/lukkawoods-poszukuje-dystrybutorow-architektow-i-projektantow-wnetrz-na-rynek-czeski\/'>\n          <div class=\"uc_btn_inner\">\n            <div class=\"uc_btn_txt\">Czytaj wi\u0119cej<\/div>\n                      <\/div>\n      \t<\/a>\n        \n                \n      <\/div>                           \n \t<\/div>  <\/div>      \n        \n<\/div>\n\n\n\n\n<div id=\"uc_post_grid_elementor_b66d502_item2\" class=\"uc_post_grid_style_one_item ue_post_grid_item ue-item \">\n  \n   \n  <div class=\"uc_content\">\n    <div class=\"uc_content_inner\">\n      <div class=\"uc_content-info-wrapper\" >\n        \n\n               \n       \n              \n\n            \t\t\t<div class=\"uc_post_title\"><a class=\"\" href='https:\/\/www.opolsku.cz\/pl\/nabidka-z-polska\/testpl\/' target=\"_self\"><div class=\"ue_p_title\">Luksusowa piel\u0119gnacja z Korei<\/div><\/a><\/div>\n      \t\n                      \n       \n        <div class=\"ue-meta-data\">\n            \n                \t    \n                \n        \n\t\n                \n                \n                \n                \n    \t\t\t\n      \n            \n  <\/div>\t\n      \t<div class=\"uc_post_text\">Luksusowa piel\u0119gnacja z Korei<\/div>\n     \n                 \n                            \n                                  \n     <\/div>                      \n           <div class=\"uc_post_button\">\n        \n        <a class=\"uc_more_btn \" target=\"_blank\" href='https:\/\/www.opolsku.cz\/pl\/nabidka-z-polska\/testpl\/'>\n          <div class=\"uc_btn_inner\">\n            <div class=\"uc_btn_txt\">Czytaj wi\u0119cej<\/div>\n                      <\/div>\n      \t<\/a>\n        \n                \n      <\/div>                           \n \t<\/div>  <\/div>      \n        \n<\/div>\n\n\t\t<\/div>\n\t<\/div>\n\n\n\n  <div id=\"uc_post_grid_elementor_b66d502_empty_message\" class=\"ue-no-posts-found\"  style=\"display:none\" >Nie znaleziono \u017cadnych post\u00f3w<\/div>\n\n\n<!-- end Post Grid -->\t\t\t\t<\/div>\n\t\t\t\t<\/div>\n\t\t\t\t<div class=\"elementor-element elementor-element-52e51eb elementor-widget elementor-widget-ucaddon_archive_pagination\" data-id=\"52e51eb\" data-element_type=\"widget\" data-widget_type=\"ucaddon_archive_pagination.default\">\n\t\t\t\t<div class=\"elementor-widget-container\">\n\t\t\t\t\t\n<!-- start Post Pagination -->\n\n<style>\/* widget: Post Pagination *\/\n\n#uc_archive_pagination_elementor_52e51eb nav\n{\n  padding:0px;\n  margin:0px;\n}\n\n#uc_archive_pagination_elementor_52e51eb \n{\n  display:flex;\n  flex-wrap: wrap;\n  justify-content:center;\n}\n\n#uc_archive_pagination_elementor_52e51eb .nav-links\n{\n  display:flex;\n  justify-content:center;\n}\n\n#uc_archive_pagination_elementor_52e51eb .nav-links > *\n{\n}\n\n#uc_archive_pagination_elementor_52e51eb .page-numbers\n{\n  display:flex;\n  \n  align-items:center;\n  justify-content:center;\n  transition:0.3s;\n  line-height:1em;\n}\n\n\n#uc_archive_pagination_elementor_52e51eb a.page-numbers, #uc_archive_pagination_elementor_52e51eb .dots\n{\n  color:#000000;\n  background-color:;\n}\n\n#uc_archive_pagination_elementor_52e51eb a.page-numbers:hover\n{\n  color:#6e6e6e;\n  background-color:#eeeeee;\n}\n\n#uc_archive_pagination_elementor_52e51eb .page-numbers.current,\n#uc_archive_pagination_elementor_52e51eb .page-numbers.current:hover\n{\n  background-color:#000000;\n  color:#ffffff;\n}\n\n\n#uc_archive_pagination_elementor_52e51eb .page-numbers.prev, #uc_archive_pagination_elementor_52e51eb .page-numbers.next\n{\n  padding-left:15px;\n  padding-right:15px;\n}\n\n\n\n#uc_archive_pagination_elementor_52e51eb .prev:before {\n   font-family: \"Font Awesome 5 Free\";\n   content: \"\\f053\";\n   display: inline-block;\n   vertical-align: middle;\n   font-weight: 900;\n   padding-right:10px;}\n\n#uc_archive_pagination_elementor_52e51eb .next:after {\n   font-family: \"Font Awesome 5 Free\";\n   content: \"\\f054\";\n   display: inline-block;\n   vertical-align: middle;\n   font-weight: 900;\n   padding-left:10px;}\n\n#uc_archive_pagination_elementor_52e51eb.uc-ajax-loading{\n\topacity:1 !important;\n}\n\n#uc_archive_pagination_elementor_52e51eb.uc-ajax-loading .current{\n\tposition:relative;\n    overflow:hidden;\n}\n\n\n#uc_archive_pagination_elementor_52e51eb.uc-ajax-loading .current:before{\n  content: \"\";\n  display:block;\n  width:100%;\n  height:100%;\n  box-sizing:border-box;\n  position:absolute;\n  top:0px;\n  left:0px;\n  background-color: #c2c2c2;\n  animation: uc-spinning-border 0.5s linear infinite;\n  opacity:50%;\n  border-radius:inherit;\n}\n\n@keyframes uc-spinning-border {\n\t0%{transform: scale(0);}\n\t100%{transform: scale(1); }\t\n}\n\n\n\n<\/style>\n\n<div id=\"uc_archive_pagination_elementor_52e51eb\" class=\"archive_pagination uc-filter-pagination \">\n\n<\/div>\n<!-- end Post Pagination -->\t\t\t\t<\/div>\n\t\t\t\t<\/div>\n\t\t\t\t\t<\/div>\n\t\t\t\t<\/div>\n\t\t\t\t<\/div>\n\t\t","protected":false},"excerpt":{"rendered":"<p>XXXXXX CZCZCZ Czytaj wi\u0119cej N\u00e1zev nab\u00eddky z Polska N\u00e1zev nab\u00eddky z Polska Obsah nab\u00eddky z Polska Obsah nab\u00eddky z Polska [&hellip;]<\/p>\n","protected":false},"author":1,"featured_media":0,"parent":0,"menu_order":0,"comment_status":"closed","ping_status":"closed","template":"","meta":{"_acf_changed":false,"site-sidebar-layout":"no-sidebar","site-content-layout":"","ast-site-content-layout":"default","site-content-style":"default","site-sidebar-style":"default","ast-global-header-display":"","ast-banner-title-visibility":"","ast-main-header-display":"","ast-hfb-above-header-display":"","ast-hfb-below-header-display":"","ast-hfb-mobile-header-display":"","site-post-title":"","ast-breadcrumbs-content":"","ast-featured-img":"disabled","footer-sml-layout":"","theme-transparent-header-meta":"default","adv-header-id-meta":"","stick-header-meta":"","header-above-stick-meta":"","header-main-stick-meta":"","header-below-stick-meta":"","astra-migrate-meta-layouts":"default","ast-page-background-enabled":"default","ast-page-background-meta":{"desktop":{"background-color":"var(--ast-global-color-5)","background-image":"","background-repeat":"repeat","background-position":"center center","background-size":"auto","background-attachment":"scroll","background-type":"","background-media":"","overlay-type":"","overlay-color":"","overlay-opacity":"","overlay-gradient":""},"tablet":{"background-color":"","background-image":"","background-repeat":"repeat","background-position":"center center","background-size":"auto","background-attachment":"scroll","background-type":"","background-media":"","overlay-type":"","overlay-color":"","overlay-opacity":"","overlay-gradient":""},"mobile":{"background-color":"","background-image":"","background-repeat":"repeat","background-position":"center center","background-size":"auto","background-attachment":"scroll","background-type":"","background-media":"","overlay-type":"","overlay-color":"","overlay-opacity":"","overlay-gradient":""}},"ast-content-background-meta":{"desktop":{"background-color":"var(--ast-global-color-4)","background-image":"","background-repeat":"repeat","background-position":"center center","background-size":"auto","background-attachment":"scroll","background-type":"","background-media":"","overlay-type":"","overlay-color":"","overlay-opacity":"","overlay-gradient":""},"tablet":{"background-color":"var(--ast-global-color-4)","background-image":"","background-repeat":"repeat","background-position":"center center","background-size":"auto","background-attachment":"scroll","background-type":"","background-media":"","overlay-type":"","overlay-color":"","overlay-opacity":"","overlay-gradient":""},"mobile":{"background-color":"var(--ast-global-color-4)","background-image":"","background-repeat":"repeat","background-position":"center center","background-size":"auto","background-attachment":"scroll","background-type":"","background-media":"","overlay-type":"","overlay-color":"","overlay-opacity":"","overlay-gradient":""}},"footnotes":""},"class_list":["post-760","page","type-page","status-publish","hentry"],"acf":[],"_links":{"self":[{"href":"https:\/\/www.opolsku.cz\/pl\/wp-json\/wp\/v2\/pages\/760","targetHints":{"allow":["GET"]}}],"collection":[{"href":"https:\/\/www.opolsku.cz\/pl\/wp-json\/wp\/v2\/pages"}],"about":[{"href":"https:\/\/www.opolsku.cz\/pl\/wp-json\/wp\/v2\/types\/page"}],"author":[{"embeddable":true,"href":"https:\/\/www.opolsku.cz\/pl\/wp-json\/wp\/v2\/users\/1"}],"replies":[{"embeddable":true,"href":"https:\/\/www.opolsku.cz\/pl\/wp-json\/wp\/v2\/comments?post=760"}],"version-history":[{"count":4,"href":"https:\/\/www.opolsku.cz\/pl\/wp-json\/wp\/v2\/pages\/760\/revisions"}],"predecessor-version":[{"id":1118,"href":"https:\/\/www.opolsku.cz\/pl\/wp-json\/wp\/v2\/pages\/760\/revisions\/1118"}],"wp:attachment":[{"href":"https:\/\/www.opolsku.cz\/pl\/wp-json\/wp\/v2\/media?parent=760"}],"curies":[{"name":"wp","href":"https:\/\/api.w.org\/{rel}","templated":true}]}}