{"id":768,"date":"2025-03-31T14:14:28","date_gmt":"2025-03-31T14:14:28","guid":{"rendered":"https:\/\/www.opolsku.cz\/dodaj-oferte-w-polsce\/"},"modified":"2025-09-16T06:54:05","modified_gmt":"2025-09-16T06:54:05","slug":"dodaj-oferte-w-polsce","status":"publish","type":"page","link":"https:\/\/www.opolsku.cz\/pl\/dodaj-oferte-w-polsce\/","title":{"rendered":"Dodaj ofert\u0119 w Polsce"},"content":{"rendered":"<p>W zwi\u0105zku z rozwojem firmy poszukujemy dystrybutor\u00f3w, przedstawili architekt\u00f3w i projektant\u00f3w wn\u0119trz na rynku Czeskim.<br \/>\nLukkaWoods zajmuje si\u0119 produkcj\u0105 wysokiej klasy mebli drewnianych. Produkujemy meble na naszych wzorach, a tak\u017ce ze wzor\u00f3w powierzonych. Meble produkujemy w Warszawie, Polska.<br \/>\nNasze meble mo\u017cesz zobaczy\u0107 na stronie lukkawoods.pl lub \u015bled\u017a nasz profil na Instagramie.<br \/>\nhttps:\/\/www.instagram.com\/lukka_woods\/  \t\t<\/p>\n<h2>Czy wybierasz si\u0119 w pa\u017adzierniku do Brna na Mi\u0119dzynarodowe Targi ?<\/h2>\n","protected":false},"excerpt":{"rendered":"<p>W zwi\u0105zku z rozwojem firmy poszukujemy dystrybutor\u00f3w, przedstawili architekt\u00f3w i projektant\u00f3w wn\u0119trz na rynku Czeskim. LukkaWoods zajmuje si\u0119 produkcj\u0105 wysokiej [&hellip;]<\/p>\n","protected":false},"author":1,"featured_media":0,"parent":0,"menu_order":0,"comment_status":"closed","ping_status":"closed","template":"","meta":{"_acf_changed":false,"site-sidebar-layout":"default","site-content-layout":"","ast-site-content-layout":"default","site-content-style":"default","site-sidebar-style":"default","ast-global-header-display":"","ast-banner-title-visibility":"","ast-main-header-display":"","ast-hfb-above-header-display":"","ast-hfb-below-header-display":"","ast-hfb-mobile-header-display":"","site-post-title":"","ast-breadcrumbs-content":"","ast-featured-img":"","footer-sml-layout":"","theme-transparent-header-meta":"default","adv-header-id-meta":"","stick-header-meta":"","header-above-stick-meta":"","header-main-stick-meta":"","header-below-stick-meta":"","astra-migrate-meta-layouts":"set","ast-page-background-enabled":"default","ast-page-background-meta":{"desktop":{"background-color":"var(--ast-global-color-5)","background-image":"","background-repeat":"repeat","background-position":"center center","background-size":"auto","background-attachment":"scroll","background-type":"","background-media":"","overlay-type":"","overlay-color":"","overlay-opacity":"","overlay-gradient":""},"tablet":{"background-color":"","background-image":"","background-repeat":"repeat","background-position":"center center","background-size":"auto","background-attachment":"scroll","background-type":"","background-media":"","overlay-type":"","overlay-color":"","overlay-opacity":"","overlay-gradient":""},"mobile":{"background-color":"","background-image":"","background-repeat":"repeat","background-position":"center center","background-size":"auto","background-attachment":"scroll","background-type":"","background-media":"","overlay-type":"","overlay-color":"","overlay-opacity":"","overlay-gradient":""}},"ast-content-background-meta":{"desktop":{"background-color":"var(--ast-global-color-4)","background-image":"","background-repeat":"repeat","background-position":"center center","background-size":"auto","background-attachment":"scroll","background-type":"","background-media":"","overlay-type":"","overlay-color":"","overlay-opacity":"","overlay-gradient":""},"tablet":{"background-color":"var(--ast-global-color-4)","background-image":"","background-repeat":"repeat","background-position":"center center","background-size":"auto","background-attachment":"scroll","background-type":"","background-media":"","overlay-type":"","overlay-color":"","overlay-opacity":"","overlay-gradient":""},"mobile":{"background-color":"var(--ast-global-color-4)","background-image":"","background-repeat":"repeat","background-position":"center center","background-size":"auto","background-attachment":"scroll","background-type":"","background-media":"","overlay-type":"","overlay-color":"","overlay-opacity":"","overlay-gradient":""}},"footnotes":""},"class_list":["post-768","page","type-page","status-publish","hentry"],"acf":[],"_links":{"self":[{"href":"https:\/\/www.opolsku.cz\/pl\/wp-json\/wp\/v2\/pages\/768","targetHints":{"allow":["GET"]}}],"collection":[{"href":"https:\/\/www.opolsku.cz\/pl\/wp-json\/wp\/v2\/pages"}],"about":[{"href":"https:\/\/www.opolsku.cz\/pl\/wp-json\/wp\/v2\/types\/page"}],"author":[{"embeddable":true,"href":"https:\/\/www.opolsku.cz\/pl\/wp-json\/wp\/v2\/users\/1"}],"replies":[{"embeddable":true,"href":"https:\/\/www.opolsku.cz\/pl\/wp-json\/wp\/v2\/comments?post=768"}],"version-history":[{"count":5,"href":"https:\/\/www.opolsku.cz\/pl\/wp-json\/wp\/v2\/pages\/768\/revisions"}],"predecessor-version":[{"id":2011,"href":"https:\/\/www.opolsku.cz\/pl\/wp-json\/wp\/v2\/pages\/768\/revisions\/2011"}],"wp:attachment":[{"href":"https:\/\/www.opolsku.cz\/pl\/wp-json\/wp\/v2\/media?parent=768"}],"curies":[{"name":"wp","href":"https:\/\/api.w.org\/{rel}","templated":true}]}}