{"id":769,"date":"2025-03-31T14:14:51","date_gmt":"2025-03-31T14:14:51","guid":{"rendered":"https:\/\/www.opolsku.cz\/dodaj-oferte-w-czechach\/"},"modified":"2025-03-31T14:14:51","modified_gmt":"2025-03-31T14:14:51","slug":"dodaj-oferte-w-czechach","status":"publish","type":"page","link":"https:\/\/www.opolsku.cz\/pl\/dodaj-oferte-w-czechach\/","title":{"rendered":"Dodaj ofert\u0119 w Czechach"},"content":{"rendered":"<div class=\"wpforms-container wpforms-container-full wpforms-render-modern\" id=\"wpforms-629\"><form id=\"wpforms-form-629\" class=\"wpforms-validate wpforms-form wpforms-ajax-form\" data-formid=\"629\" method=\"post\" enctype=\"multipart\/form-data\" action=\"\/pl\/wp-json\/wp\/v2\/pages\/769?wpforms_form_id=629\" data-token=\"ad07a32a4b8c9abf12e1ae92b66ac467\" data-token-time=\"1776029739\"><noscript class=\"wpforms-error-noscript\">Aby wype\u0142ni\u0107 ten formularz, w\u0142\u0105cz obs\u0142ug\u0119 JavaScript w przegl\u0105darce.<\/noscript><div class=\"wpforms-hidden\" id=\"wpforms-error-noscript\">Aby wype\u0142ni\u0107 ten formularz, w\u0142\u0105cz obs\u0142ug\u0119 JavaScript w przegl\u0105darce.<\/div><div class=\"wpforms-field-container\"><div id=\"wpforms-629-field_22-container\" class=\"wpforms-field wpforms-field-layout\" data-field-id=\"22\"><div class=\"wpforms-field-layout-rows wpforms-field-large\"><div class=\"wpforms-layout-row\"><div class=\"wpforms-layout-column wpforms-layout-column-50\"><div id=\"wpforms-629-field_12-container\" class=\"wpforms-field wpforms-field-text\" data-field-id=\"12\"><label class=\"wpforms-field-label\" for=\"wpforms-629-field_12\">Tytu\u0142 (CZ) <span class=\"wpforms-required-label\" aria-hidden=\"true\">*<\/span><\/label><input type=\"text\" id=\"wpforms-629-field_12\" class=\"wpforms-field-medium wpforms-field-required\" name=\"wpforms[fields][12]\" aria-errormessage=\"wpforms-629-field_12-error\" required><\/div><\/div><div class=\"wpforms-layout-column wpforms-layout-column-50\"><div id=\"wpforms-629-field_11-container\" class=\"wpforms-field wpforms-field-text\" data-field-id=\"11\"><label class=\"wpforms-field-label\" for=\"wpforms-629-field_11\">Tytu\u0142 (PL) <span class=\"wpforms-required-label\" aria-hidden=\"true\">*<\/span><\/label><input type=\"text\" id=\"wpforms-629-field_11\" class=\"wpforms-field-medium wpforms-field-required\" name=\"wpforms[fields][11]\" aria-errormessage=\"wpforms-629-field_11-error\" required><\/div><\/div><\/div><div class=\"wpforms-layout-row\"><div class=\"wpforms-layout-column wpforms-layout-column-50\"><div id=\"wpforms-629-field_20-container\" class=\"wpforms-field wpforms-field-richtext wpforms-field-richtext-media-enabled wpforms-field-richtext-toolbar-basic wpforms-field-medium\" data-field-id=\"20\"><fieldset><legend class=\"wpforms-field-label\">Tre\u015b\u0107 reklamy (CZ) <span class=\"wpforms-required-label\" aria-hidden=\"true\">*<\/span><\/legend><div id=\"wp-wpforms-629-field_20-wrap\" class=\"wp-core-ui wp-editor-wrap tmce-active\"><link rel='stylesheet' id='dashicons-css' href='https:\/\/www.opolsku.cz\/wp-includes\/css\/dashicons.min.css?ver=6.8.2' media='all' \/>\n<link rel='stylesheet' id='editor-buttons-css' href='https:\/\/www.opolsku.cz\/wp-includes\/css\/editor.min.css?ver=6.8.2' media='all' \/>\n<div id=\"wp-wpforms-629-field_20-editor-tools\" class=\"wp-editor-tools hide-if-no-js\"><div id=\"wp-wpforms-629-field_20-media-buttons\" class=\"wp-media-buttons\"><button type=\"button\" id=\"insert-media-button\" class=\"button insert-media add_media\" data-editor=\"wpforms-629-field_20\"><span class=\"wp-media-buttons-icon\"><\/span> Dodaj medium<\/button>    <a onclick=\"if ( typeof tb_click == 'function' && ( jQuery(this).parent().attr('id') && jQuery(this).parent().attr('id').indexOf('elementor') !== -1 || typeof bwg_check_ready == 'function') ) {\n            tb_click.call(this);\n            bwg_create_loading_block();\n            bwg_set_shortcode_popup_dimensions(); } return false;\" href=\"https:\/\/www.opolsku.cz\/wp-admin\/admin-ajax.php?action=shortcode_bwg&TB_iframe=1\" class=\"bwg-shortcode-btn button\" title=\"Wstaw galeri\u0119 zdj\u0119\u0107\">\n      <span class=\"wp-media-buttons-icon\" style=\"background: url(https:\/\/www.opolsku.cz\/wp-content\/plugins\/photo-gallery\/images\/icons\/bwg_edit_but.png) no-repeat scroll left top rgba(0, 0, 0, 0);\"><\/span>\n      Dodaj galeri\u0119 zdj\u0119\u0107    <\/a>\n    <\/div>\n<div class=\"wp-editor-tabs\"><button type=\"button\" id=\"wpforms-629-field_20-tmce\" aria-pressed=\"true\" class=\"wp-switch-editor switch-tmce\" data-wp-editor-id=\"wpforms-629-field_20\">Wizualny<\/button>\n<button type=\"button\" id=\"wpforms-629-field_20-html\" class=\"wp-switch-editor switch-html\" data-wp-editor-id=\"wpforms-629-field_20\">Kod<\/button>\n<\/div>\n<\/div>\n<div id=\"wp-wpforms-629-field_20-editor-container\" class=\"wp-editor-container\"><div id=\"qt_wpforms-629-field_20_toolbar\" class=\"quicktags-toolbar hide-if-no-js\"><\/div><textarea class=\"wpforms-field-required wp-editor-area\" style=\"height: 120px\" autocomplete=\"off\" cols=\"40\" name=\"wpforms[fields][20]\" id=\"wpforms-629-field_20\"><\/textarea><\/div>\n<\/div>\n\n<\/fieldset><\/div><\/div><div class=\"wpforms-layout-column wpforms-layout-column-50\"><div id=\"wpforms-629-field_21-container\" class=\"wpforms-field wpforms-field-richtext wpforms-field-richtext-media-enabled wpforms-field-richtext-toolbar-basic wpforms-field-medium\" data-field-id=\"21\"><fieldset><legend class=\"wpforms-field-label\">Tre\u015b\u0107 reklamy (PL) <span class=\"wpforms-required-label\" aria-hidden=\"true\">*<\/span><\/legend><div id=\"wp-wpforms-629-field_21-wrap\" class=\"wp-core-ui wp-editor-wrap tmce-active\"><div id=\"wp-wpforms-629-field_21-editor-tools\" class=\"wp-editor-tools hide-if-no-js\"><div id=\"wp-wpforms-629-field_21-media-buttons\" class=\"wp-media-buttons\"><button type=\"button\" class=\"button insert-media add_media\" data-editor=\"wpforms-629-field_21\"><span class=\"wp-media-buttons-icon\"><\/span> Dodaj medium<\/button>    <a onclick=\"if ( typeof tb_click == 'function' && ( jQuery(this).parent().attr('id') && jQuery(this).parent().attr('id').indexOf('elementor') !== -1 || typeof bwg_check_ready == 'function') ) {\n            tb_click.call(this);\n            bwg_create_loading_block();\n            bwg_set_shortcode_popup_dimensions(); } return false;\" href=\"https:\/\/www.opolsku.cz\/wp-admin\/admin-ajax.php?action=shortcode_bwg&TB_iframe=1\" class=\"bwg-shortcode-btn button\" title=\"Wstaw galeri\u0119 zdj\u0119\u0107\">\n      <span class=\"wp-media-buttons-icon\" style=\"background: url(https:\/\/www.opolsku.cz\/wp-content\/plugins\/photo-gallery\/images\/icons\/bwg_edit_but.png) no-repeat scroll left top rgba(0, 0, 0, 0);\"><\/span>\n      Dodaj galeri\u0119 zdj\u0119\u0107    <\/a>\n    <\/div>\n<div class=\"wp-editor-tabs\"><button type=\"button\" id=\"wpforms-629-field_21-tmce\" aria-pressed=\"true\" class=\"wp-switch-editor switch-tmce\" data-wp-editor-id=\"wpforms-629-field_21\">Wizualny<\/button>\n<button type=\"button\" id=\"wpforms-629-field_21-html\" class=\"wp-switch-editor switch-html\" data-wp-editor-id=\"wpforms-629-field_21\">Kod<\/button>\n<\/div>\n<\/div>\n<div id=\"wp-wpforms-629-field_21-editor-container\" class=\"wp-editor-container\"><div id=\"qt_wpforms-629-field_21_toolbar\" class=\"quicktags-toolbar hide-if-no-js\"><\/div><textarea class=\"wpforms-field-required wp-editor-area\" style=\"height: 120px\" autocomplete=\"off\" cols=\"40\" name=\"wpforms[fields][21]\" id=\"wpforms-629-field_21\"><\/textarea><\/div>\n<\/div>\n\n<\/fieldset><\/div><\/div><\/div><\/div><\/div><div id=\"wpforms-629-field_18-container\" class=\"wpforms-field wpforms-field-email\" data-field-id=\"18\"><label class=\"wpforms-field-label\" for=\"wpforms-629-field_18\">E-mail <span class=\"wpforms-required-label\" aria-hidden=\"true\">*<\/span><\/label><input type=\"email\" id=\"wpforms-629-field_18\" class=\"wpforms-field-medium wpforms-field-required\" name=\"wpforms[fields][18]\" spellcheck=\"false\" aria-errormessage=\"wpforms-629-field_18-error\" required><\/div><div id=\"wpforms-629-field_25-container\" class=\"wpforms-field wpforms-field-email\" data-field-id=\"25\"><label class=\"wpforms-field-label\" for=\"wpforms-629-field_25\">Kontaktn\u00ed email<\/label><input type=\"email\" id=\"wpforms-629-field_25\" class=\"wpforms-field-medium\" name=\"wpforms[fields][25]\" spellcheck=\"false\" aria-errormessage=\"wpforms-629-field_25-error\" ><\/div><div id=\"wpforms-629-field_24-container\" class=\"wpforms-field wpforms-field-phone\" data-field-id=\"24\"><label class=\"wpforms-field-label\" for=\"wpforms-629-field_24\">Telefonn\u00ed \u010d\u00edslo<\/label><input type=\"tel\" id=\"wpforms-629-field_24\" class=\"wpforms-field-medium\" data-rule-int-phone-field=\"true\" name=\"wpforms[fields][24]\" aria-label=\"Telefonn\u00ed \u010d\u00edslo\" aria-errormessage=\"wpforms-629-field_24-error\" ><\/div><div id=\"wpforms-629-field_19-container\" class=\"wpforms-field wpforms-field-file-upload\" data-field-id=\"19\"><label class=\"wpforms-field-label\" for=\"wpforms-629-field_19\">Wyr\u00f3\u017cniony obraz<\/label><div\n\t\tclass=\"wpforms-uploader\"\n\t\tdata-field-id=\"19\"\n\t\tdata-form-id=\"629\"\n\t\tdata-input-name=\"wpforms_629_19\"\n\t\tdata-extensions=\"jpg,jpeg,png,gif,webp\"\n\t\tdata-max-size=\"104857600\"\n\t\tdata-max-file-number=\"1\"\n\t\tdata-post-max-size=\"134217728\"\n\t\tdata-max-parallel-uploads=\"4\"\n\t\tdata-parallel-uploads=\"true\"\n\t\tdata-file-chunk-size=\"2097152\">\n\t<div class=\"dz-message\">\n\t\t<svg viewBox=\"0 0 1024 1024\" focusable=\"false\" data-icon=\"inbox\" width=\"50px\" height=\"50px\" fill=\"currentColor\" aria-hidden=\"true\">\n\t\t\t<path d=\"M885.2 446.3l-.2-.8-112.2-285.1c-5-16.1-19.9-27.2-36.8-27.2H281.2c-17 0-32.1 11.3-36.9 27.6L139.4 443l-.3.7-.2.8c-1.3 4.9-1.7 9.9-1 14.8-.1 1.6-.2 3.2-.2 4.8V830a60.9 60.9 0 0 0 60.8 60.8h627.2c33.5 0 60.8-27.3 60.9-60.8V464.1c0-1.3 0-2.6-.1-3.7.4-4.9 0-9.6-1.3-14.1zm-295.8-43l-.3 15.7c-.8 44.9-31.8 75.1-77.1 75.1-22.1 0-41.1-7.1-54.8-20.6S436 441.2 435.6 419l-.3-15.7H229.5L309 210h399.2l81.7 193.3H589.4zm-375 76.8h157.3c24.3 57.1 76 90.8 140.4 90.8 33.7 0 65-9.4 90.3-27.2 22.2-15.6 39.5-37.4 50.7-63.6h156.5V814H214.4V480.1z\"><\/path>\n\t\t<\/svg>\n\t\t<span class=\"modern-title\">Kliknij lub przeci\u0105gnij do tego obszaru plik przeznaczony do przes\u0142ania.<\/span>\n\n\t\t\t<\/div>\n<\/div>\n<input\n\t\ttype=\"text\"\n\t\tautocomplete=\"off\"\n\t\treadonly\n\t\tclass=\"dropzone-input\"\n\t\tstyle=\"position:absolute!important;clip:rect(0,0,0,0)!important;height:1px!important;width:1px!important;border:0!important;overflow:hidden!important;padding:0!important;margin:0!important;\"\n\t\tid=\"wpforms-629-field_19\"\n\t\tname=\"wpforms_629_19\" \t\tvalue=\"\">\n<\/div><div id=\"wpforms-629-field_23-container\" class=\"wpforms-field wpforms-field-file-upload\" data-field-id=\"23\"><label class=\"wpforms-field-label\" for=\"wpforms-629-field_23\">P\u0159\u00edlohy<\/label><div\n\t\tclass=\"wpforms-uploader\"\n\t\tdata-field-id=\"23\"\n\t\tdata-form-id=\"629\"\n\t\tdata-input-name=\"wpforms_629_23\"\n\t\tdata-extensions=\"png,jpg,jpeg,gif,pdf,zip\"\n\t\tdata-max-size=\"268435456\"\n\t\tdata-max-file-number=\"5\"\n\t\tdata-post-max-size=\"134217728\"\n\t\tdata-max-parallel-uploads=\"4\"\n\t\tdata-parallel-uploads=\"true\"\n\t\tdata-file-chunk-size=\"2097152\">\n\t<div class=\"dz-message\">\n\t\t<svg viewBox=\"0 0 1024 1024\" focusable=\"false\" data-icon=\"inbox\" width=\"50px\" height=\"50px\" fill=\"currentColor\" aria-hidden=\"true\">\n\t\t\t<path d=\"M885.2 446.3l-.2-.8-112.2-285.1c-5-16.1-19.9-27.2-36.8-27.2H281.2c-17 0-32.1 11.3-36.9 27.6L139.4 443l-.3.7-.2.8c-1.3 4.9-1.7 9.9-1 14.8-.1 1.6-.2 3.2-.2 4.8V830a60.9 60.9 0 0 0 60.8 60.8h627.2c33.5 0 60.8-27.3 60.9-60.8V464.1c0-1.3 0-2.6-.1-3.7.4-4.9 0-9.6-1.3-14.1zm-295.8-43l-.3 15.7c-.8 44.9-31.8 75.1-77.1 75.1-22.1 0-41.1-7.1-54.8-20.6S436 441.2 435.6 419l-.3-15.7H229.5L309 210h399.2l81.7 193.3H589.4zm-375 76.8h157.3c24.3 57.1 76 90.8 140.4 90.8 33.7 0 65-9.4 90.3-27.2 22.2-15.6 39.5-37.4 50.7-63.6h156.5V814H214.4V480.1z\"><\/path>\n\t\t<\/svg>\n\t\t<span class=\"modern-title\">Kliknij lub przeci\u0105gnij do tego obszaru pliki przeznaczone do przes\u0142ania.<\/span>\n\n\t\t\t\t\t<span class=\"modern-hint\">You can upload up to 5 files.<\/span>\n\t\t\t<\/div>\n<\/div>\n<input\n\t\ttype=\"text\"\n\t\tautocomplete=\"off\"\n\t\treadonly\n\t\tclass=\"dropzone-input\"\n\t\tstyle=\"position:absolute!important;clip:rect(0,0,0,0)!important;height:1px!important;width:1px!important;border:0!important;overflow:hidden!important;padding:0!important;margin:0!important;\"\n\t\tid=\"wpforms-629-field_23\"\n\t\tname=\"wpforms_629_23\" \t\tvalue=\"\">\n<\/div><\/div><!-- .wpforms-field-container --><div class=\"wpforms-submit-container\" ><input type=\"hidden\" name=\"wpforms[id]\" value=\"629\"><input type=\"hidden\" name=\"page_title\" value=\"\"><input type=\"hidden\" name=\"page_url\" value=\"https:\/\/www.opolsku.cz\/pl\/wp-json\/wp\/v2\/pages\/769\"><button type=\"submit\" name=\"wpforms[submit]\" id=\"wpforms-submit-629\" class=\"wpforms-submit\" data-alt-text=\"Wysy\u0142anie...\" data-submit-text=\"Prze\u015blij\" aria-live=\"assertive\" value=\"wpforms-submit\">Prze\u015blij<\/button><img decoding=\"async\" src=\"https:\/\/www.opolsku.cz\/wp-content\/plugins\/wpforms\/assets\/images\/submit-spin.svg\" class=\"wpforms-submit-spinner\" style=\"display: none;\" width=\"26\" height=\"26\" alt=\"Wczytywanie\"><\/div><\/form><\/div>  <!-- .wpforms-container -->\n","protected":false},"excerpt":{"rendered":"","protected":false},"author":1,"featured_media":0,"parent":0,"menu_order":0,"comment_status":"closed","ping_status":"closed","template":"","meta":{"_acf_changed":false,"site-sidebar-layout":"default","site-content-layout":"","ast-site-content-layout":"default","site-content-style":"default","site-sidebar-style":"default","ast-global-header-display":"","ast-banner-title-visibility":"","ast-main-header-display":"","ast-hfb-above-header-display":"","ast-hfb-below-header-display":"","ast-hfb-mobile-header-display":"","site-post-title":"","ast-breadcrumbs-content":"","ast-featured-img":"","footer-sml-layout":"","theme-transparent-header-meta":"default","adv-header-id-meta":"","stick-header-meta":"","header-above-stick-meta":"","header-main-stick-meta":"","header-below-stick-meta":"","astra-migrate-meta-layouts":"default","ast-page-background-enabled":"default","ast-page-background-meta":{"desktop":{"background-color":"var(--ast-global-color-5)","background-image":"","background-repeat":"repeat","background-position":"center center","background-size":"auto","background-attachment":"scroll","background-type":"","background-media":"","overlay-type":"","overlay-color":"","overlay-opacity":"","overlay-gradient":""},"tablet":{"background-color":"","background-image":"","background-repeat":"repeat","background-position":"center center","background-size":"auto","background-attachment":"scroll","background-type":"","background-media":"","overlay-type":"","overlay-color":"","overlay-opacity":"","overlay-gradient":""},"mobile":{"background-color":"","background-image":"","background-repeat":"repeat","background-position":"center center","background-size":"auto","background-attachment":"scroll","background-type":"","background-media":"","overlay-type":"","overlay-color":"","overlay-opacity":"","overlay-gradient":""}},"ast-content-background-meta":{"desktop":{"background-color":"var(--ast-global-color-4)","background-image":"","background-repeat":"repeat","background-position":"center center","background-size":"auto","background-attachment":"scroll","background-type":"","background-media":"","overlay-type":"","overlay-color":"","overlay-opacity":"","overlay-gradient":""},"tablet":{"background-color":"var(--ast-global-color-4)","background-image":"","background-repeat":"repeat","background-position":"center center","background-size":"auto","background-attachment":"scroll","background-type":"","background-media":"","overlay-type":"","overlay-color":"","overlay-opacity":"","overlay-gradient":""},"mobile":{"background-color":"var(--ast-global-color-4)","background-image":"","background-repeat":"repeat","background-position":"center center","background-size":"auto","background-attachment":"scroll","background-type":"","background-media":"","overlay-type":"","overlay-color":"","overlay-opacity":"","overlay-gradient":""}},"footnotes":""},"class_list":["post-769","page","type-page","status-publish","hentry"],"acf":[],"_links":{"self":[{"href":"https:\/\/www.opolsku.cz\/pl\/wp-json\/wp\/v2\/pages\/769","targetHints":{"allow":["GET"]}}],"collection":[{"href":"https:\/\/www.opolsku.cz\/pl\/wp-json\/wp\/v2\/pages"}],"about":[{"href":"https:\/\/www.opolsku.cz\/pl\/wp-json\/wp\/v2\/types\/page"}],"author":[{"embeddable":true,"href":"https:\/\/www.opolsku.cz\/pl\/wp-json\/wp\/v2\/users\/1"}],"replies":[{"embeddable":true,"href":"https:\/\/www.opolsku.cz\/pl\/wp-json\/wp\/v2\/comments?post=769"}],"version-history":[{"count":0,"href":"https:\/\/www.opolsku.cz\/pl\/wp-json\/wp\/v2\/pages\/769\/revisions"}],"wp:attachment":[{"href":"https:\/\/www.opolsku.cz\/pl\/wp-json\/wp\/v2\/media?parent=769"}],"curies":[{"name":"wp","href":"https:\/\/api.w.org\/{rel}","templated":true}]}}