{"id":985,"date":"2025-03-25T16:01:19","date_gmt":"2025-03-25T16:01:19","guid":{"rendered":"https:\/\/www.opolsku.cz\/?page_id=985"},"modified":"2025-09-03T09:36:16","modified_gmt":"2025-09-03T09:36:16","slug":"uslugi","status":"publish","type":"page","link":"https:\/\/www.opolsku.cz\/pl\/uslugi\/","title":{"rendered":"Us\u0142ugi"},"content":{"rendered":"<p><strong>Oferta\u00a0 w ramach cz\u0142onkostwa w CZPIH:<\/strong><\/p>\n<ul>\n<li>Bezp\u0142atne zamieszczenie informacji o organizowanych wydarzeniach, szkoleniach, webinariach i innych wydarzeniach na stronie internetowej CZPIH w zak\u0142adce Aktualno\u015bci firm cz\u0142onkowskich: <a href=\"http:\/\/www.opolsku.cz\/pl\/nove-clenske-firmy\/\">http:\/\/www.opolsku.cz\/pl\/nove-clenske-firmy\/<\/a><\/li>\n<li>Bezp\u0142atne rozesy\u0142anie cz\u0142onkom i partnerom CZPIH informacji o organizowanych wydarzeniach, szkoleniach, webinariach i innych us\u0142ugach oferowanych przez cz\u0142onk\u00f3w CZPIH.<\/li>\n<li>Zamieszczenie informacji o firmie cz\u0142onkowskiech na stronie internetowej Izby w zak\u0142adce Cz\u0142onkowie CZPIH.<\/li>\n<li>Prezentacje firmy na Spotkaniach Biznesu , kt\u00f3re odbywa si\u01191 x w roku.<\/li>\n<li>Inne (umieszczenie <strong>materia\u0142\u00f3w informacyjnych i druk\u00f3w promocyjnych<\/strong> w stojakach na foldery w siedzibie CZPIH oraz na stoiskach imprez odwiedzanych przez przedstawicieli CZPIH).<\/li>\n<\/ul>\n<p>&nbsp;<\/p>\n<p><strong>Oferta partnerstwa marketingowego dla klienta CZPIH <\/strong>zawiera:<\/p>\n<ol>\n<li>Realizacja odp\u0142atnego badania rynku z wyszukiwaniem partner\u00f3w handlowych2. Badanie \u015brodowiska konkurencyjnego<\/li>\n<li>Opracowanie rejestru potencjalnych partner\u00f3w handlowych, w tym:<\/li>\n<\/ol>\n<p>Bezpo\u015bredni kontakt z wybranymi podmiotami w celu om\u00f3wienia warunk\u00f3w wsp\u00f3\u0142pracy<\/p>\n<p>Serwis organizacyjno-t\u0142umaczeniowy w nawi\u0105zaniu do wynik\u00f3w badania<\/p>\n<p>Organizacja spotka\u0144 z zainteresowanymi<\/p>\n<p>T\u0142umaczenia materia\u0142\u00f3w firmowych<\/p>\n<ol>\n<li>Szkolenia i inne dzia\u0142ania zwi\u0105zane z konkretnymi wymaganiami klienta.3. Zamieszczenie informacji o poszukiwaniu partnera na stronie internetowej CZPIH w zak\u0142adce Oferty.<\/li>\n<li>Rozesy\u0142anie cz\u0142onkom i partnerom CZPIH informacji o organizowanych wydarzeniach, szkoleniach, webinariach i innych us\u0142ugach oferowanych przez klienta.<\/li>\n<li>Prezentacje firmy klienta na Spotkaniach Biznesu, kt\u00f3re odbywa si\u0119 1 raz w roku.<\/li>\n<li>Inne (umieszczenie <strong>materia\u0142\u00f3w informacyjnych i druk\u00f3w promocyjnych<\/strong> w stojakach na foldery w siedzibie CZPIH oraz na stoiskach imprez odwiedzanych przez przedstawicieli CZPIH).<\/li>\n<\/ol>\n","protected":false},"excerpt":{"rendered":"<p>Oferta\u00a0 w ramach cz\u0142onkostwa w CZPIH: Bezp\u0142atne zamieszczenie informacji o organizowanych wydarzeniach, szkoleniach, webinariach i innych wydarzeniach na stronie internetowej [&hellip;]<\/p>\n","protected":false},"author":1,"featured_media":0,"parent":0,"menu_order":0,"comment_status":"closed","ping_status":"closed","template":"","meta":{"_acf_changed":false,"site-sidebar-layout":"default","site-content-layout":"","ast-site-content-layout":"default","site-content-style":"default","site-sidebar-style":"default","ast-global-header-display":"","ast-banner-title-visibility":"","ast-main-header-display":"","ast-hfb-above-header-display":"","ast-hfb-below-header-display":"","ast-hfb-mobile-header-display":"","site-post-title":"","ast-breadcrumbs-content":"","ast-featured-img":"","footer-sml-layout":"","theme-transparent-header-meta":"default","adv-header-id-meta":"","stick-header-meta":"","header-above-stick-meta":"","header-main-stick-meta":"","header-below-stick-meta":"","astra-migrate-meta-layouts":"set","ast-page-background-enabled":"default","ast-page-background-meta":{"desktop":{"background-color":"var(--ast-global-color-5)","background-image":"","background-repeat":"repeat","background-position":"center center","background-size":"auto","background-attachment":"scroll","background-type":"","background-media":"","overlay-type":"","overlay-color":"","overlay-opacity":"","overlay-gradient":""},"tablet":{"background-color":"","background-image":"","background-repeat":"repeat","background-position":"center center","background-size":"auto","background-attachment":"scroll","background-type":"","background-media":"","overlay-type":"","overlay-color":"","overlay-opacity":"","overlay-gradient":""},"mobile":{"background-color":"","background-image":"","background-repeat":"repeat","background-position":"center center","background-size":"auto","background-attachment":"scroll","background-type":"","background-media":"","overlay-type":"","overlay-color":"","overlay-opacity":"","overlay-gradient":""}},"ast-content-background-meta":{"desktop":{"background-color":"var(--ast-global-color-4)","background-image":"","background-repeat":"repeat","background-position":"center center","background-size":"auto","background-attachment":"scroll","background-type":"","background-media":"","overlay-type":"","overlay-color":"","overlay-opacity":"","overlay-gradient":""},"tablet":{"background-color":"var(--ast-global-color-4)","background-image":"","background-repeat":"repeat","background-position":"center center","background-size":"auto","background-attachment":"scroll","background-type":"","background-media":"","overlay-type":"","overlay-color":"","overlay-opacity":"","overlay-gradient":""},"mobile":{"background-color":"var(--ast-global-color-4)","background-image":"","background-repeat":"repeat","background-position":"center center","background-size":"auto","background-attachment":"scroll","background-type":"","background-media":"","overlay-type":"","overlay-color":"","overlay-opacity":"","overlay-gradient":""}},"footnotes":""},"class_list":["post-985","page","type-page","status-publish","hentry"],"acf":[],"_links":{"self":[{"href":"https:\/\/www.opolsku.cz\/pl\/wp-json\/wp\/v2\/pages\/985","targetHints":{"allow":["GET"]}}],"collection":[{"href":"https:\/\/www.opolsku.cz\/pl\/wp-json\/wp\/v2\/pages"}],"about":[{"href":"https:\/\/www.opolsku.cz\/pl\/wp-json\/wp\/v2\/types\/page"}],"author":[{"embeddable":true,"href":"https:\/\/www.opolsku.cz\/pl\/wp-json\/wp\/v2\/users\/1"}],"replies":[{"embeddable":true,"href":"https:\/\/www.opolsku.cz\/pl\/wp-json\/wp\/v2\/comments?post=985"}],"version-history":[{"count":5,"href":"https:\/\/www.opolsku.cz\/pl\/wp-json\/wp\/v2\/pages\/985\/revisions"}],"predecessor-version":[{"id":1610,"href":"https:\/\/www.opolsku.cz\/pl\/wp-json\/wp\/v2\/pages\/985\/revisions\/1610"}],"wp:attachment":[{"href":"https:\/\/www.opolsku.cz\/pl\/wp-json\/wp\/v2\/media?parent=985"}],"curies":[{"name":"wp","href":"https:\/\/api.w.org\/{rel}","templated":true}]}}