{"id":989,"date":"2025-04-16T20:20:44","date_gmt":"2025-04-16T20:20:44","guid":{"rendered":"https:\/\/www.opolsku.cz\/?page_id=989"},"modified":"2025-04-16T20:28:51","modified_gmt":"2025-04-16T20:28:51","slug":"wyszukiwanie-partnera-handlowego-rozpoczecie-rejestracja-dzialalnosci-gospodarczej","status":"publish","type":"page","link":"https:\/\/www.opolsku.cz\/pl\/uslugi\/wyszukiwanie-partnera-handlowego-rozpoczecie-rejestracja-dzialalnosci-gospodarczej\/","title":{"rendered":"Wyszukiwanie partnera handlowego, rozpocz\u0119cie\/rejestracja dzia\u0142alno\u015bci gospodarczej"},"content":{"rendered":"<p>Oferujemy kompleksow\u0105 pomoc przy wyszukaniu partner\u00f3w handlowych, rozpocz\u0119ciu dzia\u0142alno\u015bci gospodarczej na terytorium Republiki Czeskiej. Korzystaj\u0105c z naszych do\u015bwiadcze\u0144 na rynku, proponujemy:<\/p>\n<ul>\n<li>badanie rynku, opracowania marketingowe<\/li>\n<li>opracowanie wykazu czeskich firm \u2013 potencjalnych partner\u00f3w handlowych<\/li>\n<li>czeska wywiadownia handlowa (sprawdzenie solidno\u015bci czeskiego partnera)<\/li>\n<li>wys\u0142anie oferty<\/li>\n<li>t\u0142umaczenie materia\u0142\u00f3w informacyjnych i promocyjnych<\/li>\n<li>telefoniczne sprawdzenie zainteresowania<\/li>\n<li>rozmowy o wizycie (ustalenie termin\u00f3w spotka\u0144, trasy wyjazdu)<\/li>\n<li>spotkania bilateralne x prezentacja grupowa<\/li>\n<li>prezentacja materia\u0142\u00f3w informacyjnych w Centrum Wsp\u00f3\u0142pracy Transgranicznej<\/li>\n<li>zamieszczenie informacji w Bazie Danych Ofert Handlowych<\/li>\n<li>prezentacja na wystawach bran\u017cowych<\/li>\n<li>rekrutacja pracownik\u00f3w<\/li>\n<li>pomoc w wyszukiwaniu biur i pomieszcze\u0144<\/li>\n<li>pomoc prawna (dla niecz\u0142onk\u00f3w Izby odp\u0142atna)<\/li>\n<li>konsultacje z fachowcami (dla niecz\u0142onk\u00f3w Izby odp\u0142atne)<\/li>\n<\/ul>\n<p>Op\u0142ata za poszczeg\u00f3lne us\u0142ugi jest umowna.<\/p>\n","protected":false},"excerpt":{"rendered":"<p>Oferujemy kompleksow\u0105 pomoc przy wyszukaniu partner\u00f3w handlowych, rozpocz\u0119ciu dzia\u0142alno\u015bci gospodarczej na terytorium Republiki Czeskiej. Korzystaj\u0105c z naszych do\u015bwiadcze\u0144 na rynku, [&hellip;]<\/p>\n","protected":false},"author":1,"featured_media":0,"parent":985,"menu_order":0,"comment_status":"closed","ping_status":"closed","template":"","meta":{"_acf_changed":false,"site-sidebar-layout":"default","site-content-layout":"","ast-site-content-layout":"default","site-content-style":"default","site-sidebar-style":"default","ast-global-header-display":"","ast-banner-title-visibility":"","ast-main-header-display":"","ast-hfb-above-header-display":"","ast-hfb-below-header-display":"","ast-hfb-mobile-header-display":"","site-post-title":"","ast-breadcrumbs-content":"","ast-featured-img":"","footer-sml-layout":"","theme-transparent-header-meta":"default","adv-header-id-meta":"","stick-header-meta":"","header-above-stick-meta":"","header-main-stick-meta":"","header-below-stick-meta":"","astra-migrate-meta-layouts":"set","ast-page-background-enabled":"default","ast-page-background-meta":{"desktop":{"background-color":"var(--ast-global-color-5)","background-image":"","background-repeat":"repeat","background-position":"center center","background-size":"auto","background-attachment":"scroll","background-type":"","background-media":"","overlay-type":"","overlay-color":"","overlay-opacity":"","overlay-gradient":""},"tablet":{"background-color":"","background-image":"","background-repeat":"repeat","background-position":"center center","background-size":"auto","background-attachment":"scroll","background-type":"","background-media":"","overlay-type":"","overlay-color":"","overlay-opacity":"","overlay-gradient":""},"mobile":{"background-color":"","background-image":"","background-repeat":"repeat","background-position":"center center","background-size":"auto","background-attachment":"scroll","background-type":"","background-media":"","overlay-type":"","overlay-color":"","overlay-opacity":"","overlay-gradient":""}},"ast-content-background-meta":{"desktop":{"background-color":"var(--ast-global-color-4)","background-image":"","background-repeat":"repeat","background-position":"center center","background-size":"auto","background-attachment":"scroll","background-type":"","background-media":"","overlay-type":"","overlay-color":"","overlay-opacity":"","overlay-gradient":""},"tablet":{"background-color":"var(--ast-global-color-4)","background-image":"","background-repeat":"repeat","background-position":"center center","background-size":"auto","background-attachment":"scroll","background-type":"","background-media":"","overlay-type":"","overlay-color":"","overlay-opacity":"","overlay-gradient":""},"mobile":{"background-color":"var(--ast-global-color-4)","background-image":"","background-repeat":"repeat","background-position":"center center","background-size":"auto","background-attachment":"scroll","background-type":"","background-media":"","overlay-type":"","overlay-color":"","overlay-opacity":"","overlay-gradient":""}},"footnotes":""},"class_list":["post-989","page","type-page","status-publish","hentry"],"acf":[],"_links":{"self":[{"href":"https:\/\/www.opolsku.cz\/pl\/wp-json\/wp\/v2\/pages\/989","targetHints":{"allow":["GET"]}}],"collection":[{"href":"https:\/\/www.opolsku.cz\/pl\/wp-json\/wp\/v2\/pages"}],"about":[{"href":"https:\/\/www.opolsku.cz\/pl\/wp-json\/wp\/v2\/types\/page"}],"author":[{"embeddable":true,"href":"https:\/\/www.opolsku.cz\/pl\/wp-json\/wp\/v2\/users\/1"}],"replies":[{"embeddable":true,"href":"https:\/\/www.opolsku.cz\/pl\/wp-json\/wp\/v2\/comments?post=989"}],"version-history":[{"count":1,"href":"https:\/\/www.opolsku.cz\/pl\/wp-json\/wp\/v2\/pages\/989\/revisions"}],"predecessor-version":[{"id":990,"href":"https:\/\/www.opolsku.cz\/pl\/wp-json\/wp\/v2\/pages\/989\/revisions\/990"}],"up":[{"embeddable":true,"href":"https:\/\/www.opolsku.cz\/pl\/wp-json\/wp\/v2\/pages\/985"}],"wp:attachment":[{"href":"https:\/\/www.opolsku.cz\/pl\/wp-json\/wp\/v2\/media?parent=989"}],"curies":[{"name":"wp","href":"https:\/\/api.w.org\/{rel}","templated":true}]}}