{"id":991,"date":"2025-04-16T20:21:22","date_gmt":"2025-04-16T20:21:22","guid":{"rendered":"https:\/\/www.opolsku.cz\/?page_id=991"},"modified":"2025-04-16T20:30:01","modified_gmt":"2025-04-16T20:30:01","slug":"informacje-ekonomiczne-opracowania-marketingowe-badanie-rynku","status":"publish","type":"page","link":"https:\/\/www.opolsku.cz\/pl\/uslugi\/informacje-ekonomiczne-opracowania-marketingowe-badanie-rynku\/","title":{"rendered":"Informacje ekonomiczne, opracowania marketingowe, badanie rynku"},"content":{"rendered":"<p>Oferujemy\u00a0wyszukiwanie informacji dotycz\u0105cych potencjalnych klient\u00f3w, dostawc\u00f3w, instytucji i konkurencji. W ramach tej us\u0142ugi zapewniamy m.in. wyszukanie danych kontaktowych, informacji o ofercie lub wykorzystywanych technologiach. Ka\u017cdy raport zawiera przedstawione w formie tabeli dane.<\/p>\n<p>Op\u0142ata za poszczeg\u00f3lne us\u0142ugi jest umowna.<\/p>\n","protected":false},"excerpt":{"rendered":"<p>Oferujemy\u00a0wyszukiwanie informacji dotycz\u0105cych potencjalnych klient\u00f3w, dostawc\u00f3w, instytucji i konkurencji. W ramach tej us\u0142ugi zapewniamy m.in. wyszukanie danych kontaktowych, informacji o [&hellip;]<\/p>\n","protected":false},"author":1,"featured_media":0,"parent":985,"menu_order":0,"comment_status":"closed","ping_status":"closed","template":"","meta":{"_acf_changed":false,"site-sidebar-layout":"default","site-content-layout":"","ast-site-content-layout":"default","site-content-style":"default","site-sidebar-style":"default","ast-global-header-display":"","ast-banner-title-visibility":"","ast-main-header-display":"","ast-hfb-above-header-display":"","ast-hfb-below-header-display":"","ast-hfb-mobile-header-display":"","site-post-title":"","ast-breadcrumbs-content":"","ast-featured-img":"","footer-sml-layout":"","theme-transparent-header-meta":"default","adv-header-id-meta":"","stick-header-meta":"","header-above-stick-meta":"","header-main-stick-meta":"","header-below-stick-meta":"","astra-migrate-meta-layouts":"set","ast-page-background-enabled":"default","ast-page-background-meta":{"desktop":{"background-color":"var(--ast-global-color-5)","background-image":"","background-repeat":"repeat","background-position":"center center","background-size":"auto","background-attachment":"scroll","background-type":"","background-media":"","overlay-type":"","overlay-color":"","overlay-opacity":"","overlay-gradient":""},"tablet":{"background-color":"","background-image":"","background-repeat":"repeat","background-position":"center center","background-size":"auto","background-attachment":"scroll","background-type":"","background-media":"","overlay-type":"","overlay-color":"","overlay-opacity":"","overlay-gradient":""},"mobile":{"background-color":"","background-image":"","background-repeat":"repeat","background-position":"center center","background-size":"auto","background-attachment":"scroll","background-type":"","background-media":"","overlay-type":"","overlay-color":"","overlay-opacity":"","overlay-gradient":""}},"ast-content-background-meta":{"desktop":{"background-color":"var(--ast-global-color-4)","background-image":"","background-repeat":"repeat","background-position":"center center","background-size":"auto","background-attachment":"scroll","background-type":"","background-media":"","overlay-type":"","overlay-color":"","overlay-opacity":"","overlay-gradient":""},"tablet":{"background-color":"var(--ast-global-color-4)","background-image":"","background-repeat":"repeat","background-position":"center center","background-size":"auto","background-attachment":"scroll","background-type":"","background-media":"","overlay-type":"","overlay-color":"","overlay-opacity":"","overlay-gradient":""},"mobile":{"background-color":"var(--ast-global-color-4)","background-image":"","background-repeat":"repeat","background-position":"center center","background-size":"auto","background-attachment":"scroll","background-type":"","background-media":"","overlay-type":"","overlay-color":"","overlay-opacity":"","overlay-gradient":""}},"footnotes":""},"class_list":["post-991","page","type-page","status-publish","hentry"],"acf":[],"_links":{"self":[{"href":"https:\/\/www.opolsku.cz\/pl\/wp-json\/wp\/v2\/pages\/991","targetHints":{"allow":["GET"]}}],"collection":[{"href":"https:\/\/www.opolsku.cz\/pl\/wp-json\/wp\/v2\/pages"}],"about":[{"href":"https:\/\/www.opolsku.cz\/pl\/wp-json\/wp\/v2\/types\/page"}],"author":[{"embeddable":true,"href":"https:\/\/www.opolsku.cz\/pl\/wp-json\/wp\/v2\/users\/1"}],"replies":[{"embeddable":true,"href":"https:\/\/www.opolsku.cz\/pl\/wp-json\/wp\/v2\/comments?post=991"}],"version-history":[{"count":1,"href":"https:\/\/www.opolsku.cz\/pl\/wp-json\/wp\/v2\/pages\/991\/revisions"}],"predecessor-version":[{"id":992,"href":"https:\/\/www.opolsku.cz\/pl\/wp-json\/wp\/v2\/pages\/991\/revisions\/992"}],"up":[{"embeddable":true,"href":"https:\/\/www.opolsku.cz\/pl\/wp-json\/wp\/v2\/pages\/985"}],"wp:attachment":[{"href":"https:\/\/www.opolsku.cz\/pl\/wp-json\/wp\/v2\/media?parent=991"}],"curies":[{"name":"wp","href":"https:\/\/api.w.org\/{rel}","templated":true}]}}