{"id":994,"date":"2025-04-16T20:31:28","date_gmt":"2025-04-16T20:31:28","guid":{"rendered":"https:\/\/www.opolsku.cz\/?page_id=994"},"modified":"2025-04-16T20:31:28","modified_gmt":"2025-04-16T20:31:28","slug":"zamieszczenie-reklamy-na-www-stronach","status":"publish","type":"page","link":"https:\/\/www.opolsku.cz\/pl\/uslugi\/zamieszczenie-reklamy-na-www-stronach\/","title":{"rendered":"Zamieszczenie reklamy na www stronach"},"content":{"rendered":"<p>Oferta zamieszczenia reklamy na stronie internetowej CPIH:<\/p>\n<p>Oferujemy umieszczenie reklamy Twojej firmy na naszej stronie internetowej pod linkiem OFERTY SPECJALNE Z CZECH i POLSKI lub TOP OFERTY.<br \/>\nPodstawowa cena us\u0142ugi (kr\u00f3tka wiadomo\u015b\u0107 tekstowa do 300 znak\u00f3w w tym i spacji, z t\u0142umaczeniem na wersj\u0119 CZ \/ PL) wynosi 1000 CZK \/ 1 miesi\u0105c (us\u0142uga ta jest bezp\u0142atna dla cz\u0142onk\u00f3w Izby).<\/p>\n<p>Kolejn\u0105 promocj\u0105 firmy mo\u017ce by\u0107 umieszczenie baneru reklamowego lub linku o wydarzeniu na stronie internetowej CPIH odp\u0142atnie. Ka\u017cde takie zapytanie jest konsultowane indywidualnie. Z przyjemno\u015bci\u0105 przedstawimy Pa\u0144stwu ofert\u0119 cenow\u0105.<\/p>\n","protected":false},"excerpt":{"rendered":"<p>Oferta zamieszczenia reklamy na stronie internetowej CPIH: Oferujemy umieszczenie reklamy Twojej firmy na naszej stronie internetowej pod linkiem OFERTY SPECJALNE [&hellip;]<\/p>\n","protected":false},"author":1,"featured_media":0,"parent":985,"menu_order":0,"comment_status":"closed","ping_status":"closed","template":"","meta":{"_acf_changed":false,"site-sidebar-layout":"default","site-content-layout":"","ast-site-content-layout":"default","site-content-style":"default","site-sidebar-style":"default","ast-global-header-display":"","ast-banner-title-visibility":"","ast-main-header-display":"","ast-hfb-above-header-display":"","ast-hfb-below-header-display":"","ast-hfb-mobile-header-display":"","site-post-title":"","ast-breadcrumbs-content":"","ast-featured-img":"","footer-sml-layout":"","theme-transparent-header-meta":"default","adv-header-id-meta":"","stick-header-meta":"","header-above-stick-meta":"","header-main-stick-meta":"","header-below-stick-meta":"","astra-migrate-meta-layouts":"set","ast-page-background-enabled":"default","ast-page-background-meta":{"desktop":{"background-color":"var(--ast-global-color-5)","background-image":"","background-repeat":"repeat","background-position":"center center","background-size":"auto","background-attachment":"scroll","background-type":"","background-media":"","overlay-type":"","overlay-color":"","overlay-opacity":"","overlay-gradient":""},"tablet":{"background-color":"","background-image":"","background-repeat":"repeat","background-position":"center center","background-size":"auto","background-attachment":"scroll","background-type":"","background-media":"","overlay-type":"","overlay-color":"","overlay-opacity":"","overlay-gradient":""},"mobile":{"background-color":"","background-image":"","background-repeat":"repeat","background-position":"center center","background-size":"auto","background-attachment":"scroll","background-type":"","background-media":"","overlay-type":"","overlay-color":"","overlay-opacity":"","overlay-gradient":""}},"ast-content-background-meta":{"desktop":{"background-color":"var(--ast-global-color-4)","background-image":"","background-repeat":"repeat","background-position":"center center","background-size":"auto","background-attachment":"scroll","background-type":"","background-media":"","overlay-type":"","overlay-color":"","overlay-opacity":"","overlay-gradient":""},"tablet":{"background-color":"var(--ast-global-color-4)","background-image":"","background-repeat":"repeat","background-position":"center center","background-size":"auto","background-attachment":"scroll","background-type":"","background-media":"","overlay-type":"","overlay-color":"","overlay-opacity":"","overlay-gradient":""},"mobile":{"background-color":"var(--ast-global-color-4)","background-image":"","background-repeat":"repeat","background-position":"center center","background-size":"auto","background-attachment":"scroll","background-type":"","background-media":"","overlay-type":"","overlay-color":"","overlay-opacity":"","overlay-gradient":""}},"footnotes":""},"class_list":["post-994","page","type-page","status-publish","hentry"],"acf":[],"_links":{"self":[{"href":"https:\/\/www.opolsku.cz\/pl\/wp-json\/wp\/v2\/pages\/994","targetHints":{"allow":["GET"]}}],"collection":[{"href":"https:\/\/www.opolsku.cz\/pl\/wp-json\/wp\/v2\/pages"}],"about":[{"href":"https:\/\/www.opolsku.cz\/pl\/wp-json\/wp\/v2\/types\/page"}],"author":[{"embeddable":true,"href":"https:\/\/www.opolsku.cz\/pl\/wp-json\/wp\/v2\/users\/1"}],"replies":[{"embeddable":true,"href":"https:\/\/www.opolsku.cz\/pl\/wp-json\/wp\/v2\/comments?post=994"}],"version-history":[{"count":1,"href":"https:\/\/www.opolsku.cz\/pl\/wp-json\/wp\/v2\/pages\/994\/revisions"}],"predecessor-version":[{"id":995,"href":"https:\/\/www.opolsku.cz\/pl\/wp-json\/wp\/v2\/pages\/994\/revisions\/995"}],"up":[{"embeddable":true,"href":"https:\/\/www.opolsku.cz\/pl\/wp-json\/wp\/v2\/pages\/985"}],"wp:attachment":[{"href":"https:\/\/www.opolsku.cz\/pl\/wp-json\/wp\/v2\/media?parent=994"}],"curies":[{"name":"wp","href":"https:\/\/api.w.org\/{rel}","templated":true}]}}